{"id":2846,"date":"2025-02-26T09:56:22","date_gmt":"2025-02-26T12:56:22","guid":{"rendered":"https:\/\/icc.fcen.uba.ar\/?page_id=2846"},"modified":"2025-02-26T10:12:07","modified_gmt":"2025-02-26T13:12:07","slug":"oportunidades-para-estudiantes","status":"publish","type":"page","link":"https:\/\/icc.fcen.uba.ar\/en\/oportunidades-para-estudiantes\/","title":{"rendered":"Oportunidades para estudiantes"},"content":{"rendered":"<p><div class=\"fusion-fullwidth fullwidth-box fusion-builder-row-1 fusion-flex-container has-pattern-background has-mask-background nonhundred-percent-fullwidth non-hundred-percent-height-scrolling\" style=\"--awb-border-radius-top-left:0px;--awb-border-radius-top-right:0px;--awb-border-radius-bottom-right:0px;--awb-border-radius-bottom-left:0px;--awb-flex-wrap:wrap;\" ><div class=\"fusion-builder-row fusion-row fusion-flex-align-items-flex-start fusion-flex-content-wrap\" style=\"max-width:1144px;margin-left: calc(-4% \/ 2 );margin-right: calc(-4% \/ 2 );\"><div class=\"fusion-layout-column fusion_builder_column fusion-builder-column-0 fusion_builder_column_1_1 1_1 fusion-flex-column\" style=\"--awb-bg-size:cover;--awb-width-large:100%;--awb-margin-top-large:0px;--awb-spacing-right-large:1.92%;--awb-margin-bottom-large:20px;--awb-spacing-left-large:1.92%;--awb-width-medium:100%;--awb-order-medium:0;--awb-spacing-right-medium:1.92%;--awb-spacing-left-medium:1.92%;--awb-width-small:100%;--awb-order-small:0;--awb-spacing-right-small:1.92%;--awb-spacing-left-small:1.92%;\"><div class=\"fusion-column-wrapper fusion-column-has-shadow fusion-flex-justify-content-flex-start fusion-content-layout-column\"><div class=\"fusion-text fusion-text-1\"><p><b>Programa de Becas de Iniciaci\u00f3n a la investigaci\u00f3n destinado a estudiantes de grado<\/b><\/p>\n<p><span style=\"font-weight: 400;\">El programa de \u201cBecas de Iniciaci\u00f3n a la Investigaci\u00f3n en Ciencias de la Computaci\u00f3n\u201d (BIICC) del Departamento de Computaci\u00f3n tiene como objetivo promover la iniciaci\u00f3n de estudiantes de grado en la actividad cient\u00edfica y docente. El programa est\u00e1 destinado a estudiantes que deseen dar sus primeros pasos en su formaci\u00f3n en investigaci\u00f3n, involucr\u00e1ndose en tem\u00e1ticas espec\u00edficas de Ciencias de la Computaci\u00f3n desarrolladas por los grupos de investigaci\u00f3n del DC\/ICC. El programa es financiado por donaciones de Graduados del Departamento de Computaci\u00f3n.<\/span><\/p>\n<p><span style=\"font-weight: 400;\">Principales requisitos que debe cumplir la persona aspirante:\u00a0<\/span><\/p>\n<ul>\n<li style=\"font-weight: 400;\" aria-level=\"1\"><span style=\"font-weight: 400;\">Ser estudiante regular de carreras dictadas por el Departamento de Computaci\u00f3n del DC, FCEyN, UBA.\u00a0<\/span><\/li>\n<li style=\"font-weight: 400;\" aria-level=\"1\"><span style=\"font-weight: 400;\">Haber cursado y aprobado los pr\u00e1cticos de Algoritmos y Estructuras de Datos III o T\u00e9cnicas de Dise\u00f1o de Algoritmos, y de al menos tres materias obligatorias del tercer a\u00f1o de cursada de la carrera (5to. y 6to. cuatrimestre, sin contar el CBC).<\/span><\/li>\n<\/ul>\n<p><span style=\"font-weight: 400;\">La experiencia del programa ha demostrado proveer un aprendizaje muy relevante, ya que es el primer acercamiento para que becarias y becarios descubran de qu\u00e9 se trata investigar, en qu\u00e9 temas sobre fundamentos, teor\u00edas y aplicaciones se trabaja en el \u00e1rea, y cuales son\u00a0 las metodolog\u00edas de trabajo para desarrollar proyectos concretos de investigaci\u00f3n. En muchos casos aquellas personas becadas han tenido la posibilidad de participar del proceso de una publicaci\u00f3n cient\u00edfica en revistas de primer nivel, exponer su trabajo en alg\u00fan congreso -en forma de presentaci\u00f3n o p\u00f3ster- o bien alinear el proyecto de la beca con el tema de su tesis de licenciatura.<\/span><\/p>\n<p><span style=\"font-weight: 400;\">Para saber m\u00e1s sobre este programa y conocer testimonios destacados de estudiantes participantes, te recomendamos leer estos art\u00edculos del ICC:<\/span><\/p>\n<p><a href=\"https:\/\/icc.fcen.uba.ar\/estudiantes-de-computacion-que-dan-sus-primeros-pasos-en-la-investigacion\/\" target=\"_blank\" rel=\"noopener\"><span style=\"font-weight: 400;\">Estudiantes que dan sus primeros pasos en la investigaci\u00f3n<\/span><\/a><\/p>\n<p><a href=\"https:\/\/icc.fcen.uba.ar\/un-primer-acercamiento-a-la-investigacion\/\" target=\"_blank\" rel=\"noopener\"><span style=\"font-weight: 400;\">Un primer acercamiento a la investigaci\u00f3n<\/span><\/a><\/p>\n<p><b>El doctorado en Ciencias de la Computaci\u00f3n: el primer paso para ser un investigador<\/b><\/p>\n<p><span style=\"font-weight: 400;\">El doctorado de la Universidad de Buenos Aires en el \u00e1rea de Ciencias de la Computaci\u00f3n (Res. CONEAU N\u00b0 032\/2021) es el ciclo de estudios universitarios oficiales que conducen a la adquisici\u00f3n de las competencias y habilidades relacionadas con la formaci\u00f3n especializada y la investigaci\u00f3n cient\u00edfica de calidad.\u00a0<\/span><\/p>\n<p><span style=\"font-weight: 400;\">Comprende una capacitaci\u00f3n superior orientada al desempe\u00f1o profesional tanto en el \u00e1mbito docente como cient\u00edfico-tecnol\u00f3gico e industrial. Y constituye la alternativa de m\u00e1xima titulaci\u00f3n acad\u00e9mica disciplinar dentro del marco de los estudios de posgrado de la UBA.<\/span><\/p>\n<p><span style=\"font-weight: 400;\">En la FCEN-UBA, la carrera de doctorado est\u00e1 organizada en forma de una comisi\u00f3n de doctorado transversal a todas las especialidades que fija las pol\u00edticas acad\u00e9micas generales. A su vez, cada \u00e1rea disciplinar tiene una subcomisi\u00f3n que se encarga de los temas espec\u00edficos de cada \u00e1rea tem\u00e1tica. En el caso de Ciencias de la\u00a0 Computaci\u00f3n, la subcomisi\u00f3n de doctorado est\u00e1 formada por profesores e investigadores del ICC quienes se encargan de supervisar la implementaci\u00f3n de los lineamientos acad\u00e9micos de la FCEN-UBA.\u00a0<\/span><\/p>\n<p><b>\u00bfPor qu\u00e9 un doctorado en el ICC?<\/b><\/p>\n<ul>\n<li style=\"font-weight: 400;\" aria-level=\"1\"><span style=\"font-weight: 400;\">El Instituto de Investigaci\u00f3n en Ciencias de la Computaci\u00f3n (ICC) es un instituto de doble dependencia (UBA\/CONICET), de referencia para el estudio de las ciencias de la computaci\u00f3n y de enorme prestigio en la comunidad acad\u00e9mica nacional e internacional.<\/span><\/li>\n<li style=\"font-weight: 400;\" aria-level=\"1\"><span style=\"font-weight: 400;\">Al incorporarse al doctorado se dispone de lugar de trabajo con una oficina en el nuevo edificio Cero m\u00e1s Infinito, un edificio inteligente \u00fanico en Latinoam\u00e9rica.<\/span><\/li>\n<li style=\"font-weight: 400;\" aria-level=\"1\"><span style=\"font-weight: 400;\">Al mismo tiempo, la persona integrante del instituto contar\u00e1 con equipamiento actualizado, soporte administrativo dedicado y la posibilidad de participar en proyectos de colaboraci\u00f3n con otras instituciones cient\u00edficas de primer nivel y generar una vinculaci\u00f3n tecnol\u00f3gica sostenida con empresas y organizaciones.<\/span><\/li>\n<li style=\"font-weight: 400;\" aria-level=\"1\"><span style=\"font-weight: 400;\">Desde el primer egreso, en el a\u00f1o 1997, han alcanzado el t\u00edtulo de Doctor en nuestro posgrado m\u00e1s de 100 doctores, constituyendo el posgrado en Ciencias de la Computaci\u00f3n de mayor prestigio y m\u00e1s exitoso del pa\u00eds.<\/span><\/li>\n<\/ul>\n<p><span style=\"font-weight: 400;\">La informaci\u00f3n espec\u00edfica del Doctorado en Ciencias de la Computaci\u00f3n la podes encontrar en <\/span><a href=\"https:\/\/www.dc.uba.ar\/doctorado\/\" target=\"_blank\" rel=\"noopener\"><span style=\"font-weight: 400;\">la web del Departamento de Computaci\u00f3n<\/span><\/a><span style=\"font-weight: 400;\">. En tanto que la informaci\u00f3n general com\u00fan a todas las especialidad de doctorado de la FCEN-UBA la podes encontrar en <\/span><a href=\"https:\/\/doctorado.exactas.uba.ar\/\" target=\"_blank\" rel=\"noopener\"><span style=\"font-weight: 400;\">la web de la Facultad de Ciencias Exactas y Naturales<\/span><\/a><span style=\"font-weight: 400;\">, incluyendo los detalles de los procedimientos administrativos para inscribirte y ser admitido.<\/span><\/p>\n<p><b>\u00bfCu\u00e1les son las principales etapas del proceso?<\/b><\/p>\n<p><b>1) Encontrar un\/a Director\/a y un tema de doctorado<\/b><\/p>\n<p><span style=\"font-weight: 400;\">La directora o director son las personas que acompa\u00f1ar\u00e1n al doctorando en el proceso de formaci\u00f3n. Participan en el planeamiento y ejecuci\u00f3n del trabajo de tesis. Para encontrar un director se puede consultar la p\u00e1gina del ICC a fin de conocer las \u00e1reas en las que se desempe\u00f1an nuestros investigadores, tambi\u00e9n es posible comunicarse a la subcomisi\u00f3n de doctorado o a las autoridades de la facultad. Usualmente, se los puede contactar para tener reuniones con los posibles directores a fin de conocerlos y tener un panorama de primera mano y actualizado de los temas en los que se desempe\u00f1a. Recordar que un doctorado es un compromiso de varios a\u00f1os y el aspecto de la relaci\u00f3n personal es muy importante.\u00a0\u00a0<\/span><\/p>\n<p><span style=\"font-weight: 400;\">El tema de investigaci\u00f3n depende <\/span><b>fundamentalmente<\/b><span style=\"font-weight: 400;\"> del grupo en el que se desarrollar\u00e1 la tesis. Por supuesto que se debe tener en cuenta el inter\u00e9s personal y la posibilidad de continuar estudios m\u00e1s adelante. Tambi\u00e9n influye en la elecci\u00f3n el grado de originalidad y aporte de valor a la disciplina, pero se debe tener en cuenta que la investigaci\u00f3n no sigue un camino pre-estipulado, sino que necesariamente se va adaptando a los hallazgos que surgen en otros grupos y al mismo proceso de descubrimiento.<\/span><\/p>\n<p><span style=\"font-weight: 400;\">Es muy <\/span><b>recomendable<\/b><span style=\"font-weight: 400;\"> hablar con los estudiantes actuales y aquellos que hayan finalizado recientemente de los posibles directores. Ellos podr\u00e1n contarte c\u00f3mo es trabajar en ese grupo, su din\u00e1mica de funcionamiento y experiencias vividas.\u00a0\u00a0<\/span><\/p>\n<p><b>2) Encontrar financiamiento para el doctorado<\/b><\/p>\n<p><span style=\"font-weight: 400;\">El doctorado es un camino que lleva varios a\u00f1os y requiere de una dedicaci\u00f3n muy intensa. Lo m\u00e1s habitual es que se realice en forma exclusiva o combinado \u00fanicamente con actividad docente. Actualmente existen en nuestro pa\u00eds diferentes tipos de becas que permiten el financiamiento de estudios de doctorado o posdoctorado para que los estudiantes puedan dedicar el tiempo necesario. Se otorgan a graduados y postgraduados de nacionalidad argentina o extranjera. Hay que consultar los periodos de inscripci\u00f3n en cada caso y cu\u00e1ntos a\u00f1os cubren, es importante tener en cuenta que no son de oferta permanente, es necesario planificar con cuidado.\u00a0\u00a0<\/span><\/p>\n<p><a href=\"https:\/\/convocatorias.conicet.gov.ar\/becas\/\" target=\"_blank\" rel=\"noopener\"><span style=\"font-weight: 400;\">Acceder a informaci\u00f3n de Becas CONICET<\/span><\/a><\/p>\n<p><a href=\"https:\/\/exactas.uba.ar\/becas-de-investigacion\/becas-uba\/\" target=\"_blank\" rel=\"noopener\"><span style=\"font-weight: 400;\">Acceder a informaci\u00f3n de Becas UBA<\/span><\/a><\/p>\n<p><a href=\"https:\/\/www.argentina.gob.ar\/ciencia\/agencia\/fondo-para-la-investigacion-cientifica-y-tecnologica-foncyt\/becas\" target=\"_blank\" rel=\"noopener\"><span style=\"font-weight: 400;\">Acceder a informaci\u00f3n de Becas Agencia I+D+i<\/span><\/a><\/p>\n<p><b>3) Actividades que se desarrollan durante el doctorado y roles asociados<\/b><\/p>\n<p><span style=\"font-weight: 400;\">El programa de doctorado contiene un per\u00edodo de formaci\u00f3n, donde se cursa una amplia oferta de materias, y otro de investigaci\u00f3n organizada, donde se siguen determinadas l\u00edneas de investigaci\u00f3n siempre bajo la direcci\u00f3n de un\/a director\/a (o m\u00e1s de uno) y, muchas veces, en el marco de un grupo de investigaci\u00f3n que puede estar compuesto por investigadores formados y en formaci\u00f3n.\u00a0<\/span><\/p>\n<p><span style=\"font-weight: 400;\">Para ello, nuestra instituci\u00f3n pone a disposici\u00f3n su plantel de profesores e investigadores, y su infraestructura, para facilitar la realizaci\u00f3n de un trabajo cient\u00edfico original de Tesis de Doctorado. La disciplina asociada con la realizaci\u00f3n del Doctorado puede ser diferente a la vinculada con el t\u00edtulo de grado.<\/span><\/p>\n<p><span style=\"font-weight: 400;\">Aqu\u00ed se detallan los roles principales y personas vinculadas al doctorado:<\/span><\/p>\n<ul>\n<li style=\"font-weight: 400;\" aria-level=\"1\"><b>Doctorando\/a<\/b><span style=\"font-weight: 400;\">: es la persona admitida a la carrera de doctorado.<\/span><\/li>\n<li style=\"font-weight: 400;\" aria-level=\"1\"><b>Director\/a<\/b><span style=\"font-weight: 400;\">: la directora o director, solo o junto con tu codirector\/a o director\/a adjunto\/a (que son dos figuras diferentes) son las personas que te acompa\u00f1ar\u00e1n en el proceso de formaci\u00f3n. Participa en el planeamiento y ejecuci\u00f3n del trabajo de tesis.<\/span><\/li>\n<li style=\"font-weight: 400;\" aria-level=\"1\"><b>Co-director\/a<\/b><span style=\"font-weight: 400;\">: opcionalmente puede existir otro director de tesis que participa de la direcci\u00f3n con responsabilidad equiparada al\/a director\/a. Este rol debe estar justificado en la naturaleza del proyecto de investigaci\u00f3n.<\/span><\/li>\n<li style=\"font-weight: 400;\" aria-level=\"1\"><b>Director\/a adjunto\/a<\/b><span style=\"font-weight: 400;\">: tiene el rol de colaboraci\u00f3n permanente en la ejecuci\u00f3n del trabajo de investigaci\u00f3n del\/la doctorando\/a, aunque su responsabilidad es secundaria al director de tesis. Deber\u00e1 ser un\/a investigador\/a con t\u00edtulo acad\u00e9mico m\u00e1ximo o formaci\u00f3n equivalente y acreditar idoneidad en su funci\u00f3n a trav\u00e9s de publicaciones en revistas calificadas.<\/span><\/li>\n<li style=\"font-weight: 400;\" aria-level=\"1\"><b>Consejero\/a de estudios<\/b><span style=\"font-weight: 400;\">: es un profesor o profesora de nuestra facultad, cuyo rol es orientarte durante todo el proceso de doctorado, especialmente en la elecci\u00f3n de tus cursos y asignaturas, acompa\u00f1\u00e1ndote durante tu formaci\u00f3n.<\/span><\/li>\n<li style=\"font-weight: 400;\" aria-level=\"1\"><b>Subcomisi\u00f3n de Doctorado<\/b><span style=\"font-weight: 400;\">: en el \u00e1rea de computaci\u00f3n, la subcomisi\u00f3n ser\u00e1 la encargada de la supervisi\u00f3n directa de tu avance en la carrera de doctorado. Ser\u00e1 tu principal interlocutora en las cuestiones acad\u00e9micas y administrativas.<\/span><\/li>\n<li style=\"font-weight: 400;\" aria-level=\"1\"><b>Comisi\u00f3n de Doctorado<\/b><span style=\"font-weight: 400;\">: est\u00e1 conformada por representantes de todas las Subcomisiones. Es el \u00f3rgano que elevar\u00e1 al Consejo Directivo las decisiones respecto de la carrera de doctorado (admisiones, planes de estudios, cambios en la direcci\u00f3n, jurados etc). Todos los tr\u00e1mites que env\u00edes a la subcomisi\u00f3n, luego son discutidos y verificados por el pleno de la comisi\u00f3n de doctorado y requiere de su aprobaci\u00f3n antes de ser elevado al Consejo Directivo para su consideraci\u00f3n.<\/span><\/li>\n<\/ul>\n<p><b>4) Oportunidades profesionales y proyecci\u00f3n laboral luego de terminar el doctorado<\/b><\/p>\n<p><span style=\"font-weight: 400;\">En t\u00e9rminos de distribuci\u00f3n de \u00e1reas laborales y profesionales de nuestro Doctorado en Ciencias de la Computaci\u00f3n, cabe recalcar que un 25% de doctores y doctoras forma parte de la carrera de investigador\/a de CONICET y realiza docencia en Exactas, un 40% realiza tareas de investigaci\u00f3n y docencia en otras instituciones y un 35% se desempe\u00f1a tanto para empresas de la industria como para organismos p\u00fablico-privados en temas afines al desarrollo de software, inteligencia artificial, modelado, procesamiento y an\u00e1lisis de grandes vol\u00famenes de datos y consultor\u00eda tecnol\u00f3gica, entre otros. En cuanto al lugar de residencia, un 80% se encuentra en Argentina mientras que un 20% reside en el exterior.<\/span><\/p>\n<p><span style=\"font-weight: 400;\">Para interiorizarte m\u00e1s sobre las oportunidades que brinda el doctorado para trabajar en la industria, te recomendamos leer estos art\u00edculos del ICC:<\/span><\/p>\n<p><a href=\"https:\/\/icc.fcen.uba.ar\/doctores-que-brillan-en-la-industria\/\" target=\"_blank\" rel=\"noopener\"><span style=\"font-weight: 400;\">Doctores que brillan en la industria<\/span><\/a><\/p>\n<p><a href=\"https:\/\/icc.fcen.uba.ar\/un-doctorado-con-proyeccion-en-la-industria\/\" target=\"_blank\" rel=\"noopener\"><span style=\"font-weight: 400;\">Un doctorado con proyecci\u00f3n en la industria<\/span><\/a><\/p>\n<\/div><\/div><\/div><\/div><\/div><div class=\"fusion-fullwidth fullwidth-box fusion-builder-row-2 fusion-flex-container nonhundred-percent-fullwidth non-hundred-percent-height-scrolling\" style=\"--awb-border-radius-top-left:0px;--awb-border-radius-top-right:0px;--awb-border-radius-bottom-right:0px;--awb-border-radius-bottom-left:0px;--awb-padding-top:40px;--awb-padding-bottom:20px;--awb-background-color:#30bfb4;--awb-flex-wrap:wrap;\" id=\"comunicate\" ><div class=\"fusion-builder-row fusion-row fusion-flex-align-items-flex-start fusion-flex-content-wrap\" style=\"max-width:1144px;margin-left: calc(-4% \/ 2 );margin-right: calc(-4% \/ 2 );\"><div class=\"fusion-layout-column fusion_builder_column fusion-builder-column-1 fusion_builder_column_1_2 1_2 fusion-flex-column\" style=\"--awb-bg-size:cover;--awb-width-large:50%;--awb-margin-top-large:0px;--awb-spacing-right-large:3.84%;--awb-margin-bottom-large:20px;--awb-spacing-left-large:3.84%;--awb-width-medium:100%;--awb-spacing-right-medium:1.92%;--awb-spacing-left-medium:1.92%;--awb-width-small:100%;--awb-spacing-right-small:1.92%;--awb-spacing-left-small:1.92%;\"><div class=\"fusion-column-wrapper fusion-flex-justify-content-flex-start fusion-content-layout-column\"><div class=\"fusion-title title fusion-title-1 fusion-sep-none fusion-title-center fusion-title-text fusion-title-size-three\"><h3 class=\"fusion-title-heading title-heading-center fusion-responsive-typography-calculated\" style=\"margin:0;--fontSize:30;line-height:1.5;\"><p style=\"text-align: right;\"><span style=\"color: #ffffff;\">Oportunidades para Estudiantes<\/span><\/p><\/h3><\/div><\/div><\/div><div class=\"fusion-layout-column fusion_builder_column fusion-builder-column-2 fusion_builder_column_1_2 1_2 fusion-flex-column\" style=\"--awb-bg-size:cover;--awb-width-large:50%;--awb-margin-top-large:0px;--awb-spacing-right-large:3.84%;--awb-margin-bottom-large:20px;--awb-spacing-left-large:3.84%;--awb-width-medium:100%;--awb-spacing-right-medium:1.92%;--awb-spacing-left-medium:1.92%;--awb-width-small:100%;--awb-spacing-right-small:1.92%;--awb-spacing-left-small:1.92%;\"><div class=\"fusion-column-wrapper fusion-flex-justify-content-flex-start fusion-content-layout-column\"><div style=\"text-align:left;\"><a class=\"fusion-button button-flat button-xlarge button-default fusion-button-default button-1 fusion-button-default-span btnOutlineBlanco\" style=\"--button-border-radius-top-left:0px;--button-border-radius-top-right:0px;--button-border-radius-bottom-right:0px;--button-border-radius-bottom-left:0px;\" target=\"_self\" href=\"https:\/\/icc.fcen.uba.ar\/oportunidades-para-estudiantes\/\"><span class=\"fusion-button-text\">+Info<\/span><\/a><\/div><\/div><\/div><\/div><\/div>\n<\/p>\n","protected":false},"excerpt":{"rendered":"","protected":false},"author":9,"featured_media":0,"parent":0,"menu_order":0,"comment_status":"closed","ping_status":"closed","template":"100-width.php","meta":{"footnotes":""},"class_list":["post-2846","page","type-page","status-publish","hentry"],"_links":{"self":[{"href":"https:\/\/icc.fcen.uba.ar\/en\/wp-json\/wp\/v2\/pages\/2846","targetHints":{"allow":["GET"]}}],"collection":[{"href":"https:\/\/icc.fcen.uba.ar\/en\/wp-json\/wp\/v2\/pages"}],"about":[{"href":"https:\/\/icc.fcen.uba.ar\/en\/wp-json\/wp\/v2\/types\/page"}],"author":[{"embeddable":true,"href":"https:\/\/icc.fcen.uba.ar\/en\/wp-json\/wp\/v2\/users\/9"}],"replies":[{"embeddable":true,"href":"https:\/\/icc.fcen.uba.ar\/en\/wp-json\/wp\/v2\/comments?post=2846"}],"version-history":[{"count":5,"href":"https:\/\/icc.fcen.uba.ar\/en\/wp-json\/wp\/v2\/pages\/2846\/revisions"}],"predecessor-version":[{"id":2851,"href":"https:\/\/icc.fcen.uba.ar\/en\/wp-json\/wp\/v2\/pages\/2846\/revisions\/2851"}],"wp:attachment":[{"href":"https:\/\/icc.fcen.uba.ar\/en\/wp-json\/wp\/v2\/media?parent=2846"}],"curies":[{"name":"wp","href":"https:\/\/api.w.org\/{rel}","templated":true}]}}